{"id":41,"date":"2017-08-07T18:18:13","date_gmt":"2017-08-07T18:18:13","guid":{"rendered":"https:\/\/augschburger-poesie-kaeschtle.de\/?page_id=41"},"modified":"2019-05-15T09:37:09","modified_gmt":"2019-05-15T09:37:09","slug":"startseite","status":"publish","type":"page","link":"https:\/\/www.augschburger-poesie-kaeschtle.de\/","title":{"rendered":"Poesie-K\u00e4schtle"},"content":{"rendered":"<h1><em>Augschburger-Poesie-K\u00e4schtle<\/em><\/h1>\n<p><em><strong>Es rauscht die M\u00fchle am rauschenden Bach, klipp klapp, klipp klapp, klipp klapp.<br \/>\nDiese alte Schreibmaschine machte auch schon \u00f6fters klipp klapp !<br \/>\nIhr k\u00f6nnt nat\u00fcrlich mit Computerschrift oder handschriftlich schreiben, sogar verziert mit<br \/>\nBildern oder Zeichnungen ! Ihr k\u00f6nnt aber v\u00f6llig anonym etwas einschicken oder einwerfen !<\/strong><\/em><\/p>\n<p>Augschburger-Poesie-K\u00e4schtle (Nat\u00fcrlich auch aus dem gesamten Schwabenland)<br \/>\nVon-Cobres-Stra\u00dfe 1<br \/>\n86199 Augsburg<\/p>\n<p>( Am alten Rathaus G\u00f6ggingen )<\/p>\n<p>&nbsp;<\/p>\n<p>Hallo liebe Poeten, wenn Ihr was drinnen habt im K\u00e4schtle,<br \/>\nso lasst es doch raus, was schon lange fliegen will hinaus!<\/p>\n<p>Es sollen spr\u00fchen Eure Gedanken, die manchmal kommen ins Wanken,<br \/>\nschreibt sie auf, das K\u00e4schtle nimmt sie alle mit Freuden auf!<\/p>\n<p>Ich mache meine Klappe auf f\u00fcr Gedichte, Lyrik, Poesie, die es aber so<br \/>\nnoch gab nie! Es soll aber schon m\u00f6glichst was eigenes sein, das Beste<br \/>\nist sogar, wenn etwas spontan f\u00e4llt ein, schreibt es sofort auf, sonst geht<br \/>\nes wieder aus dem K\u00e4schtle raus!<\/p>\n<p>Ich verstehe nat\u00fcrlich auch Verse auf Bierdeckeln, auch Gekritzeltes,<br \/>\nlustiges, trauriges, tiefsinniges oder unsinniges, ja, ich verstehe sogar<br \/>\nBairisch und Hochdeutsch! Sogar Opa und Oma und die Enkelschar d\u00fcrfen<br \/>\nmitmachen. Was ich aber gar nicht mag ist was politisches, das k\u00f6nnt Ihr<br \/>\nals Leserbriefe an die Zeitungen schreiben!<\/p>\n<p>Also, liebe K\u00e4schtler, liebe Poeten, schreibt mir flei\u00dfig, wenn gen\u00fcgend im<br \/>\nK\u00e4schtle ist, starten wir schon in 2018 mit einer Poesie-Veranstaltung,<br \/>\nda k\u00f6nnt Ihr Eure Gedanken vorlesen oder austauschen!<\/p>\n<p>Euer K\u00e4schtlebetreuer Reiner Mayr<\/p>\n<p>&nbsp;<\/p>\n<p>Das Augschburger-Poesie-K\u00e4schtle basiert nach einer Idee der<br \/>\nK\u00fcnstlerin Katharina Schweissguth, die in M\u00fcnchen den Poesie-Briefkasten<br \/>\nseit 2013 betreibt und die Genehmigung f\u00fcr das K\u00e4schtle gegeben hat.<\/p>\n<p>&nbsp;<\/p>\n<p>PS: Poeten sind manchmal auch Philosophen der Poesie!<br \/>\nPoesie ist wie eine Quelle, die nie versiegen soll !<\/p>\n","protected":false},"excerpt":{"rendered":"<p>Augschburger-Poesie-K\u00e4schtle Es rauscht die M\u00fchle am rauschenden Bach, klipp klapp, klipp klapp, klipp klapp. Diese alte Schreibmaschine machte auch schon \u00f6fters klipp klapp ! Ihr k\u00f6nnt nat\u00fcrlich mit Computerschrift oder handschriftlich schreiben, sogar verziert mit Bildern oder Zeichnungen ! Ihr k\u00f6nnt aber v\u00f6llig anonym etwas einschicken oder einwerfen ! Augschburger-Poesie-K\u00e4schtle (Nat\u00fcrlich auch aus dem gesamten [&hellip;]<\/p>\n","protected":false},"author":1,"featured_media":0,"parent":0,"menu_order":0,"comment_status":"closed","ping_status":"closed","template":"","meta":{"footnotes":""},"class_list":["post-41","page","type-page","status-publish","hentry"],"_links":{"self":[{"href":"https:\/\/www.augschburger-poesie-kaeschtle.de\/index.php?rest_route=\/wp\/v2\/pages\/41","targetHints":{"allow":["GET"]}}],"collection":[{"href":"https:\/\/www.augschburger-poesie-kaeschtle.de\/index.php?rest_route=\/wp\/v2\/pages"}],"about":[{"href":"https:\/\/www.augschburger-poesie-kaeschtle.de\/index.php?rest_route=\/wp\/v2\/types\/page"}],"author":[{"embeddable":true,"href":"https:\/\/www.augschburger-poesie-kaeschtle.de\/index.php?rest_route=\/wp\/v2\/users\/1"}],"replies":[{"embeddable":true,"href":"https:\/\/www.augschburger-poesie-kaeschtle.de\/index.php?rest_route=%2Fwp%2Fv2%2Fcomments&post=41"}],"version-history":[{"count":36,"href":"https:\/\/www.augschburger-poesie-kaeschtle.de\/index.php?rest_route=\/wp\/v2\/pages\/41\/revisions"}],"predecessor-version":[{"id":364,"href":"https:\/\/www.augschburger-poesie-kaeschtle.de\/index.php?rest_route=\/wp\/v2\/pages\/41\/revisions\/364"}],"wp:attachment":[{"href":"https:\/\/www.augschburger-poesie-kaeschtle.de\/index.php?rest_route=%2Fwp%2Fv2%2Fmedia&parent=41"}],"curies":[{"name":"wp","href":"https:\/\/api.w.org\/{rel}","templated":true}]}}